{"id":1016,"date":"2024-08-07T15:46:36","date_gmt":"2024-08-07T18:46:36","guid":{"rendered":"https:\/\/aikidobertioga.com.br\/?page_id=1016"},"modified":"2024-08-19T10:06:09","modified_gmt":"2024-08-19T13:06:09","slug":"sobre","status":"publish","type":"page","link":"https:\/\/aikidobertioga.com.br\/index.php\/sobre\/","title":{"rendered":"Sobre"},"content":{"rendered":"\t\t<div data-elementor-type=\"wp-page\" data-elementor-id=\"1016\" class=\"elementor elementor-1016\">\n\t\t\t\t\t\t<section class=\"elementor-section elementor-top-section elementor-element elementor-element-cab13c6 elementor-section-boxed elementor-section-height-default elementor-section-height-default\" data-id=\"cab13c6\" data-element_type=\"section\" data-e-type=\"section\" data-settings=\"{&quot;background_background&quot;:&quot;classic&quot;}\">\n\t\t\t\t\t\t<div class=\"elementor-container elementor-column-gap-default\">\n\t\t\t\t\t<div class=\"elementor-column elementor-col-100 elementor-top-column elementor-element elementor-element-d63f52e\" data-id=\"d63f52e\" data-element_type=\"column\" data-e-type=\"column\">\n\t\t\t<div class=\"elementor-widget-wrap elementor-element-populated\">\n\t\t\t\t\t\t<div class=\"elementor-element elementor-element-7720a4d elementor-widget__width-inherit elementor-invisible elementor-widget elementor-widget-heading\" data-id=\"7720a4d\" data-element_type=\"widget\" data-e-type=\"widget\" data-settings=\"{&quot;_animation&quot;:&quot;fadeInRight&quot;}\" data-widget_type=\"heading.default\">\n\t\t\t\t<div class=\"elementor-widget-container\">\n\t\t\t\t\t<h2 class=\"elementor-heading-title elementor-size-default\">Sobre n\u00f3s<\/h2>\t\t\t\t<\/div>\n\t\t\t\t<\/div>\n\t\t\t\t\t<\/div>\n\t\t<\/div>\n\t\t\t\t\t<\/div>\n\t\t<\/section>\n\t\t\t\t<section class=\"elementor-section elementor-top-section elementor-element elementor-element-5535c2a elementor-section-boxed elementor-section-height-default elementor-section-height-default\" data-id=\"5535c2a\" data-element_type=\"section\" data-e-type=\"section\" data-settings=\"{&quot;background_background&quot;:&quot;classic&quot;}\">\n\t\t\t\t\t\t<div class=\"elementor-container elementor-column-gap-default\">\n\t\t\t\t\t<div class=\"elementor-column elementor-col-50 elementor-top-column elementor-element elementor-element-a14d736\" data-id=\"a14d736\" data-element_type=\"column\" data-e-type=\"column\">\n\t\t\t<div class=\"elementor-widget-wrap elementor-element-populated\">\n\t\t\t\t\t\t<div class=\"elementor-element elementor-element-cac4e27 elementor-widget elementor-widget-text-editor\" data-id=\"cac4e27\" data-element_type=\"widget\" data-e-type=\"widget\" data-widget_type=\"text-editor.default\">\n\t\t\t\t<div class=\"elementor-widget-container\">\n\t\t\t\t\t\t\t\t\t<p>Aikido Bertioga \u00e9 um dojo dedicada \u00e0 pr\u00e1tica e ao ensino do Aikido. Composto por instrutores altamente qualificados e apaixonados pelo Aikido e com anos de experi\u00eancia e treinamento rigoroso, nosso dojo est\u00e1 empenhado em proporcionar a melhor experi\u00eancia de aprendizado poss\u00edvel.<\/p><p><span style=\"font-family: var( --e-global-typography-secondary-font-family ), Sans-serif; font-size: var( --e-global-typography-secondary-font-size ); font-weight: var( --e-global-typography-secondary-font-weight );\">O local tem uma atmosfera acolhedora, onde pessoas de todas as idades e n\u00edveis de experi\u00eancia s\u00e3o bem-vindas. Nosso objetivo \u00e9 promover o crescimento pessoal e a autodefesa eficaz atrav\u00e9s de um ambiente de aprendizado seguro e respeitoso, transmitindo os princ\u00edpios fundamentais do Aikido, que v\u00e3o al\u00e9m da simples t\u00e9cnica de defesa pessoal.<\/span><\/p><p>Um dos nossos diferenciais \u00e9 a abordagem personalizada do ensino, onde cada pessoa \u00e9 \u00fanica com suas pr\u00f3prias necessidades e objetivos.<\/p><p>Em nosso dojo n\u00e3o ensinamos apenas as t\u00e9cnicas do Aikido, mas tamb\u00e9m inspiramos os alunos a aplicar os princ\u00edpios da arte marcial no dia a dia, promovendo uma vida equilibrada e harmoniosa.<\/p>\t\t\t\t\t\t\t\t<\/div>\n\t\t\t\t<\/div>\n\t\t\t\t\t<\/div>\n\t\t<\/div>\n\t\t\t\t<div class=\"elementor-column elementor-col-50 elementor-top-column elementor-element elementor-element-6630461\" data-id=\"6630461\" data-element_type=\"column\" data-e-type=\"column\">\n\t\t\t<div class=\"elementor-widget-wrap elementor-element-populated\">\n\t\t\t\t\t\t<div class=\"elementor-element elementor-element-daa930e elementor-widget elementor-widget-image\" data-id=\"daa930e\" data-element_type=\"widget\" data-e-type=\"widget\" data-widget_type=\"image.default\">\n\t\t\t\t<div class=\"elementor-widget-container\">\n\t\t\t\t\t\t\t\t\t\t\t\t\t\t\t<img fetchpriority=\"high\" decoding=\"async\" width=\"800\" height=\"485\" src=\"https:\/\/aikidobertioga.com.br\/wp-content\/uploads\/2024\/08\/18-1024x621.png\" class=\"attachment-large size-large wp-image-2132\" alt=\"\" srcset=\"https:\/\/aikidobertioga.com.br\/wp-content\/uploads\/2024\/08\/18-1024x621.png 1024w, https:\/\/aikidobertioga.com.br\/wp-content\/uploads\/2024\/08\/18-300x182.png 300w, https:\/\/aikidobertioga.com.br\/wp-content\/uploads\/2024\/08\/18-768x466.png 768w, https:\/\/aikidobertioga.com.br\/wp-content\/uploads\/2024\/08\/18.png 1164w\" sizes=\"(max-width: 800px) 100vw, 800px\" \/>\t\t\t\t\t\t\t\t\t\t\t\t\t\t\t<\/div>\n\t\t\t\t<\/div>\n\t\t\t\t\t<\/div>\n\t\t<\/div>\n\t\t\t\t\t<\/div>\n\t\t<\/section>\n\t\t<div class=\"elementor-element elementor-element-9c7c57c e-flex e-con-boxed e-con e-parent\" data-id=\"9c7c57c\" data-element_type=\"container\" data-e-type=\"container\" data-settings=\"{&quot;background_background&quot;:&quot;classic&quot;}\">\n\t\t\t\t\t<div class=\"e-con-inner\">\n\t\t<div class=\"elementor-element elementor-element-94ed6c7 e-con-full e-flex e-con e-child\" data-id=\"94ed6c7\" data-element_type=\"container\" data-e-type=\"container\">\n\t\t<div class=\"elementor-element elementor-element-e48793d e-con-full e-flex e-con e-child\" data-id=\"e48793d\" data-element_type=\"container\" data-e-type=\"container\">\n\t\t\t\t<div class=\"elementor-element elementor-element-43177e6 elementor-widget elementor-widget-button\" data-id=\"43177e6\" data-element_type=\"widget\" data-e-type=\"widget\" data-widget_type=\"button.default\">\n\t\t\t\t<div class=\"elementor-widget-container\">\n\t\t\t\t\t\t\t\t\t<div class=\"elementor-button-wrapper\">\n\t\t\t\t\t<a class=\"elementor-button elementor-button-link elementor-size-sm\" href=\"https:\/\/aikidobertioga.com.br\/\">\n\t\t\t\t\t\t<span class=\"elementor-button-content-wrapper\">\n\t\t\t\t\t\t\t\t\t<span class=\"elementor-button-text\">Voltar para Home<\/span>\n\t\t\t\t\t<\/span>\n\t\t\t\t\t<\/a>\n\t\t\t\t<\/div>\n\t\t\t\t\t\t\t\t<\/div>\n\t\t\t\t<\/div>\n\t\t\t\t<\/div>\n\t\t\t\t<\/div>\n\t\t\t\t\t<\/div>\n\t\t\t\t<\/div>\n\t\t\t\t<\/div>\n\t\t","protected":false},"excerpt":{"rendered":"<p>Sobre n\u00f3s Aikido Bertioga \u00e9 um dojo dedicada \u00e0 pr\u00e1tica e ao ensino do Aikido. Composto por instrutores altamente qualificados e apaixonados pelo Aikido e com anos de experi\u00eancia e treinamento rigoroso, nosso dojo est\u00e1 empenhado em proporcionar a melhor experi\u00eancia de aprendizado poss\u00edvel. O local tem uma atmosfera acolhedora, onde pessoas de todas as [&hellip;]<\/p>\n","protected":false},"author":1,"featured_media":0,"parent":0,"menu_order":0,"comment_status":"closed","ping_status":"closed","template":"","meta":{"_joinchat":[],"footnotes":""},"class_list":["post-1016","page","type-page","status-publish","hentry"],"yoast_head":"<!-- This site is optimized with the Yoast SEO plugin v26.9 - https:\/\/yoast.com\/product\/yoast-seo-wordpress\/ -->\n<title>Sobre - Aikido Bertioga<\/title>\n<meta name=\"robots\" content=\"index, follow, max-snippet:-1, max-image-preview:large, max-video-preview:-1\" \/>\n<link rel=\"canonical\" href=\"https:\/\/aikidobertioga.com.br\/index.php\/sobre\/\" \/>\n<meta property=\"og:locale\" content=\"pt_BR\" \/>\n<meta property=\"og:type\" content=\"article\" \/>\n<meta property=\"og:title\" content=\"Sobre - Aikido Bertioga\" \/>\n<meta property=\"og:description\" content=\"Sobre n\u00f3s Aikido Bertioga \u00e9 um dojo dedicada \u00e0 pr\u00e1tica e ao ensino do Aikido. Composto por instrutores altamente qualificados e apaixonados pelo Aikido e com anos de experi\u00eancia e treinamento rigoroso, nosso dojo est\u00e1 empenhado em proporcionar a melhor experi\u00eancia de aprendizado poss\u00edvel. O local tem uma atmosfera acolhedora, onde pessoas de todas as [&hellip;]\" \/>\n<meta property=\"og:url\" content=\"https:\/\/aikidobertioga.com.br\/index.php\/sobre\/\" \/>\n<meta property=\"og:site_name\" content=\"Aikido Bertioga\" \/>\n<meta property=\"article:modified_time\" content=\"2024-08-19T13:06:09+00:00\" \/>\n<meta property=\"og:image\" content=\"https:\/\/aikidobertioga.com.br\/wp-content\/uploads\/2024\/08\/18-1024x621.png\" \/>\n<meta name=\"twitter:card\" content=\"summary_large_image\" \/>\n<meta name=\"twitter:label1\" content=\"Est. tempo de leitura\" \/>\n\t<meta name=\"twitter:data1\" content=\"1 minuto\" \/>\n<script type=\"application\/ld+json\" class=\"yoast-schema-graph\">{\"@context\":\"https:\/\/schema.org\",\"@graph\":[{\"@type\":\"WebPage\",\"@id\":\"https:\/\/aikidobertioga.com.br\/index.php\/sobre\/\",\"url\":\"https:\/\/aikidobertioga.com.br\/index.php\/sobre\/\",\"name\":\"Sobre - Aikido Bertioga\",\"isPartOf\":{\"@id\":\"https:\/\/aikidobertioga.com.br\/#website\"},\"primaryImageOfPage\":{\"@id\":\"https:\/\/aikidobertioga.com.br\/index.php\/sobre\/#primaryimage\"},\"image\":{\"@id\":\"https:\/\/aikidobertioga.com.br\/index.php\/sobre\/#primaryimage\"},\"thumbnailUrl\":\"https:\/\/aikidobertioga.com.br\/wp-content\/uploads\/2024\/08\/18-1024x621.png\",\"datePublished\":\"2024-08-07T18:46:36+00:00\",\"dateModified\":\"2024-08-19T13:06:09+00:00\",\"breadcrumb\":{\"@id\":\"https:\/\/aikidobertioga.com.br\/index.php\/sobre\/#breadcrumb\"},\"inLanguage\":\"pt-BR\",\"potentialAction\":[{\"@type\":\"ReadAction\",\"target\":[\"https:\/\/aikidobertioga.com.br\/index.php\/sobre\/\"]}]},{\"@type\":\"ImageObject\",\"inLanguage\":\"pt-BR\",\"@id\":\"https:\/\/aikidobertioga.com.br\/index.php\/sobre\/#primaryimage\",\"url\":\"https:\/\/aikidobertioga.com.br\/wp-content\/uploads\/2024\/08\/18.png\",\"contentUrl\":\"https:\/\/aikidobertioga.com.br\/wp-content\/uploads\/2024\/08\/18.png\",\"width\":1164,\"height\":706},{\"@type\":\"BreadcrumbList\",\"@id\":\"https:\/\/aikidobertioga.com.br\/index.php\/sobre\/#breadcrumb\",\"itemListElement\":[{\"@type\":\"ListItem\",\"position\":1,\"name\":\"In\u00edcio\",\"item\":\"https:\/\/aikidobertioga.com.br\/\"},{\"@type\":\"ListItem\",\"position\":2,\"name\":\"Sobre\"}]},{\"@type\":\"WebSite\",\"@id\":\"https:\/\/aikidobertioga.com.br\/#website\",\"url\":\"https:\/\/aikidobertioga.com.br\/\",\"name\":\"Aikido Bertioga\",\"description\":\"\",\"potentialAction\":[{\"@type\":\"SearchAction\",\"target\":{\"@type\":\"EntryPoint\",\"urlTemplate\":\"https:\/\/aikidobertioga.com.br\/?s={search_term_string}\"},\"query-input\":{\"@type\":\"PropertyValueSpecification\",\"valueRequired\":true,\"valueName\":\"search_term_string\"}}],\"inLanguage\":\"pt-BR\"}]}<\/script>\n<!-- \/ Yoast SEO plugin. -->","yoast_head_json":{"title":"Sobre - Aikido Bertioga","robots":{"index":"index","follow":"follow","max-snippet":"max-snippet:-1","max-image-preview":"max-image-preview:large","max-video-preview":"max-video-preview:-1"},"canonical":"https:\/\/aikidobertioga.com.br\/index.php\/sobre\/","og_locale":"pt_BR","og_type":"article","og_title":"Sobre - Aikido Bertioga","og_description":"Sobre n\u00f3s Aikido Bertioga \u00e9 um dojo dedicada \u00e0 pr\u00e1tica e ao ensino do Aikido. Composto por instrutores altamente qualificados e apaixonados pelo Aikido e com anos de experi\u00eancia e treinamento rigoroso, nosso dojo est\u00e1 empenhado em proporcionar a melhor experi\u00eancia de aprendizado poss\u00edvel. O local tem uma atmosfera acolhedora, onde pessoas de todas as [&hellip;]","og_url":"https:\/\/aikidobertioga.com.br\/index.php\/sobre\/","og_site_name":"Aikido Bertioga","article_modified_time":"2024-08-19T13:06:09+00:00","og_image":[{"url":"https:\/\/aikidobertioga.com.br\/wp-content\/uploads\/2024\/08\/18-1024x621.png","type":"","width":"","height":""}],"twitter_card":"summary_large_image","twitter_misc":{"Est. tempo de leitura":"1 minuto"},"schema":{"@context":"https:\/\/schema.org","@graph":[{"@type":"WebPage","@id":"https:\/\/aikidobertioga.com.br\/index.php\/sobre\/","url":"https:\/\/aikidobertioga.com.br\/index.php\/sobre\/","name":"Sobre - Aikido Bertioga","isPartOf":{"@id":"https:\/\/aikidobertioga.com.br\/#website"},"primaryImageOfPage":{"@id":"https:\/\/aikidobertioga.com.br\/index.php\/sobre\/#primaryimage"},"image":{"@id":"https:\/\/aikidobertioga.com.br\/index.php\/sobre\/#primaryimage"},"thumbnailUrl":"https:\/\/aikidobertioga.com.br\/wp-content\/uploads\/2024\/08\/18-1024x621.png","datePublished":"2024-08-07T18:46:36+00:00","dateModified":"2024-08-19T13:06:09+00:00","breadcrumb":{"@id":"https:\/\/aikidobertioga.com.br\/index.php\/sobre\/#breadcrumb"},"inLanguage":"pt-BR","potentialAction":[{"@type":"ReadAction","target":["https:\/\/aikidobertioga.com.br\/index.php\/sobre\/"]}]},{"@type":"ImageObject","inLanguage":"pt-BR","@id":"https:\/\/aikidobertioga.com.br\/index.php\/sobre\/#primaryimage","url":"https:\/\/aikidobertioga.com.br\/wp-content\/uploads\/2024\/08\/18.png","contentUrl":"https:\/\/aikidobertioga.com.br\/wp-content\/uploads\/2024\/08\/18.png","width":1164,"height":706},{"@type":"BreadcrumbList","@id":"https:\/\/aikidobertioga.com.br\/index.php\/sobre\/#breadcrumb","itemListElement":[{"@type":"ListItem","position":1,"name":"In\u00edcio","item":"https:\/\/aikidobertioga.com.br\/"},{"@type":"ListItem","position":2,"name":"Sobre"}]},{"@type":"WebSite","@id":"https:\/\/aikidobertioga.com.br\/#website","url":"https:\/\/aikidobertioga.com.br\/","name":"Aikido Bertioga","description":"","potentialAction":[{"@type":"SearchAction","target":{"@type":"EntryPoint","urlTemplate":"https:\/\/aikidobertioga.com.br\/?s={search_term_string}"},"query-input":{"@type":"PropertyValueSpecification","valueRequired":true,"valueName":"search_term_string"}}],"inLanguage":"pt-BR"}]}},"_links":{"self":[{"href":"https:\/\/aikidobertioga.com.br\/index.php\/wp-json\/wp\/v2\/pages\/1016","targetHints":{"allow":["GET"]}}],"collection":[{"href":"https:\/\/aikidobertioga.com.br\/index.php\/wp-json\/wp\/v2\/pages"}],"about":[{"href":"https:\/\/aikidobertioga.com.br\/index.php\/wp-json\/wp\/v2\/types\/page"}],"author":[{"embeddable":true,"href":"https:\/\/aikidobertioga.com.br\/index.php\/wp-json\/wp\/v2\/users\/1"}],"replies":[{"embeddable":true,"href":"https:\/\/aikidobertioga.com.br\/index.php\/wp-json\/wp\/v2\/comments?post=1016"}],"version-history":[{"count":16,"href":"https:\/\/aikidobertioga.com.br\/index.php\/wp-json\/wp\/v2\/pages\/1016\/revisions"}],"predecessor-version":[{"id":2135,"href":"https:\/\/aikidobertioga.com.br\/index.php\/wp-json\/wp\/v2\/pages\/1016\/revisions\/2135"}],"wp:attachment":[{"href":"https:\/\/aikidobertioga.com.br\/index.php\/wp-json\/wp\/v2\/media?parent=1016"}],"curies":[{"name":"wp","href":"https:\/\/api.w.org\/{rel}","templated":true}]}}