{"id":1376,"date":"2024-08-08T14:47:15","date_gmt":"2024-08-08T17:47:15","guid":{"rendered":"https:\/\/aikidobertioga.com.br\/?page_id=1376"},"modified":"2024-08-09T18:41:01","modified_gmt":"2024-08-09T21:41:01","slug":"turmas","status":"publish","type":"page","link":"https:\/\/aikidobertioga.com.br\/index.php\/turmas\/","title":{"rendered":"Disciplina mental"},"content":{"rendered":"\t\t<div data-elementor-type=\"wp-page\" data-elementor-id=\"1376\" class=\"elementor elementor-1376\">\n\t\t\t\t<div class=\"elementor-element elementor-element-4a7433c e-flex e-con-boxed e-con e-parent\" data-id=\"4a7433c\" data-element_type=\"container\" data-e-type=\"container\">\n\t\t\t\t\t<div class=\"e-con-inner\">\n\t\t<div class=\"elementor-element elementor-element-72ce4df e-con-full e-flex e-con e-child\" data-id=\"72ce4df\" data-element_type=\"container\" data-e-type=\"container\">\n\t\t\t\t<div class=\"elementor-element elementor-element-6334792 elementor-widget elementor-widget-heading\" data-id=\"6334792\" data-element_type=\"widget\" data-e-type=\"widget\" data-widget_type=\"heading.default\">\n\t\t\t\t<div class=\"elementor-widget-container\">\n\t\t\t\t\t<h2 class=\"elementor-heading-title elementor-size-default\">Disciplina mental<\/h2>\t\t\t\t<\/div>\n\t\t\t\t<\/div>\n\t\t\t\t<\/div>\n\t\t\t\t\t<\/div>\n\t\t\t\t<\/div>\n\t\t<div class=\"elementor-element elementor-element-379b119 e-flex e-con-boxed e-con e-parent\" data-id=\"379b119\" data-element_type=\"container\" data-e-type=\"container\">\n\t\t\t\t\t<div class=\"e-con-inner\">\n\t\t<div class=\"elementor-element elementor-element-63b935c e-con-full e-flex e-con e-child\" data-id=\"63b935c\" data-element_type=\"container\" data-e-type=\"container\">\n\t\t\t\t<div class=\"elementor-element elementor-element-2be6896 elementor-widget elementor-widget-text-editor\" data-id=\"2be6896\" data-element_type=\"widget\" data-e-type=\"widget\" data-widget_type=\"text-editor.default\">\n\t\t\t\t<div class=\"elementor-widget-container\">\n\t\t\t\t\t\t\t\t\t<p><strong>Redu\u00e7\u00e3o do Estresse:<\/strong> A pr\u00e1tica de aikido envolve movimentos flu\u00eddos e concentrados, que ajudam a reduzir o estresse e a ansiedade, promovendo um estado de relaxamento e clareza mental.<\/p><p><strong>Melhora da Concentra\u00e7\u00e3o:<\/strong> A necessidade de estar totalmente presente e atento durante o treinamento aprimora a concentra\u00e7\u00e3o e a aten\u00e7\u00e3o no dia a dia.<\/p><p><strong>Aumento da Confian\u00e7a:<\/strong> Ao aprender a lidar com diferentes situa\u00e7\u00f5es e a desenvolver habilidades de autodefesa, os praticantes ganham confian\u00e7a em si mesmos e em suas capacidades.<\/p><p><strong>Desenvolvimento da Resili\u00eancia:<\/strong> O aikido ensina a lidar com desafios e adversidades de maneira equilibrada, o que pode fortalecer a resili\u00eancia mental e emocional.<\/p><p><strong>Promo\u00e7\u00e3o do Equil\u00edbrio Emocional:<\/strong> A pr\u00e1tica regular ajuda a manter um estado emocional equilibrado, cultivando a calma e a paci\u00eancia.<\/p><p><strong>Aperfei\u00e7oamento do Autoconhecimento:<\/strong> O aikido \u00e9 um caminho para entender melhor a si mesmo, suas rea\u00e7\u00f5es e emo\u00e7\u00f5es, promovendo o autoconhecimento e a autoaceita\u00e7\u00e3o.<\/p><p><strong>Facilita\u00e7\u00e3o de Rela\u00e7\u00f5es Interpessoais:<\/strong> A \u00eanfase no respeito m\u00fatuo e na colabora\u00e7\u00e3o dentro do aikido pode melhorar a comunica\u00e7\u00e3o e a empatia nas intera\u00e7\u00f5es sociais.<\/p>\t\t\t\t\t\t\t\t<\/div>\n\t\t\t\t<\/div>\n\t\t\t\t<\/div>\n\t\t<div class=\"elementor-element elementor-element-3bd2dcd e-con-full e-flex e-con e-child\" data-id=\"3bd2dcd\" data-element_type=\"container\" data-e-type=\"container\">\n\t\t\t\t<div class=\"elementor-element elementor-element-74fc866 elementor-widget elementor-widget-image\" data-id=\"74fc866\" data-element_type=\"widget\" data-e-type=\"widget\" data-widget_type=\"image.default\">\n\t\t\t\t<div class=\"elementor-widget-container\">\n\t\t\t\t\t\t\t\t\t\t\t\t\t\t\t<img fetchpriority=\"high\" decoding=\"async\" width=\"800\" height=\"600\" src=\"https:\/\/aikidobertioga.com.br\/wp-content\/uploads\/2024\/08\/2005-1024x768.jpg\" class=\"attachment-large size-large wp-image-1778\" alt=\"\" srcset=\"https:\/\/aikidobertioga.com.br\/wp-content\/uploads\/2024\/08\/2005-1024x768.jpg 1024w, https:\/\/aikidobertioga.com.br\/wp-content\/uploads\/2024\/08\/2005-300x225.jpg 300w, https:\/\/aikidobertioga.com.br\/wp-content\/uploads\/2024\/08\/2005-768x576.jpg 768w, https:\/\/aikidobertioga.com.br\/wp-content\/uploads\/2024\/08\/2005-1536x1152.jpg 1536w, https:\/\/aikidobertioga.com.br\/wp-content\/uploads\/2024\/08\/2005.jpg 1600w\" sizes=\"(max-width: 800px) 100vw, 800px\" \/>\t\t\t\t\t\t\t\t\t\t\t\t\t\t\t<\/div>\n\t\t\t\t<\/div>\n\t\t\t\t<\/div>\n\t\t\t\t\t<\/div>\n\t\t\t\t<\/div>\n\t\t<div class=\"elementor-element elementor-element-d844c9b e-flex e-con-boxed e-con e-parent\" data-id=\"d844c9b\" data-element_type=\"container\" data-e-type=\"container\">\n\t\t\t\t\t<div class=\"e-con-inner\">\n\t\t<div class=\"elementor-element elementor-element-e66b956 e-con-full e-flex e-con e-child\" data-id=\"e66b956\" data-element_type=\"container\" data-e-type=\"container\">\n\t\t<div class=\"elementor-element elementor-element-4f3124d e-con-full e-flex e-con e-child\" data-id=\"4f3124d\" data-element_type=\"container\" data-e-type=\"container\">\n\t\t\t\t<div class=\"elementor-element elementor-element-d19c22f elementor-widget elementor-widget-button\" data-id=\"d19c22f\" data-element_type=\"widget\" data-e-type=\"widget\" data-widget_type=\"button.default\">\n\t\t\t\t<div class=\"elementor-widget-container\">\n\t\t\t\t\t\t\t\t\t<div class=\"elementor-button-wrapper\">\n\t\t\t\t\t<a class=\"elementor-button elementor-button-link elementor-size-sm\" href=\"https:\/\/aikidobertioga.com.br\/\">\n\t\t\t\t\t\t<span class=\"elementor-button-content-wrapper\">\n\t\t\t\t\t\t\t\t\t<span class=\"elementor-button-text\">Voltar para Home<\/span>\n\t\t\t\t\t<\/span>\n\t\t\t\t\t<\/a>\n\t\t\t\t<\/div>\n\t\t\t\t\t\t\t\t<\/div>\n\t\t\t\t<\/div>\n\t\t\t\t<\/div>\n\t\t\t\t<\/div>\n\t\t\t\t\t<\/div>\n\t\t\t\t<\/div>\n\t\t\t\t<\/div>\n\t\t","protected":false},"excerpt":{"rendered":"<p>Disciplina mental Redu\u00e7\u00e3o do Estresse: A pr\u00e1tica de aikido envolve movimentos flu\u00eddos e concentrados, que ajudam a reduzir o estresse e a ansiedade, promovendo um estado de relaxamento e clareza mental. Melhora da Concentra\u00e7\u00e3o: A necessidade de estar totalmente presente e atento durante o treinamento aprimora a concentra\u00e7\u00e3o e a aten\u00e7\u00e3o no dia a dia. [&hellip;]<\/p>\n","protected":false},"author":1,"featured_media":0,"parent":0,"menu_order":0,"comment_status":"closed","ping_status":"closed","template":"","meta":{"_joinchat":[],"footnotes":""},"class_list":["post-1376","page","type-page","status-publish","hentry"],"yoast_head":"<!-- This site is optimized with the Yoast SEO plugin v26.9 - https:\/\/yoast.com\/product\/yoast-seo-wordpress\/ -->\n<title>Disciplina mental - Aikido Bertioga<\/title>\n<meta name=\"robots\" content=\"index, follow, max-snippet:-1, max-image-preview:large, max-video-preview:-1\" \/>\n<link rel=\"canonical\" href=\"https:\/\/aikidobertioga.com.br\/index.php\/turmas\/\" \/>\n<meta property=\"og:locale\" content=\"pt_BR\" \/>\n<meta property=\"og:type\" content=\"article\" \/>\n<meta property=\"og:title\" content=\"Disciplina mental - Aikido Bertioga\" \/>\n<meta property=\"og:description\" content=\"Disciplina mental Redu\u00e7\u00e3o do Estresse: A pr\u00e1tica de aikido envolve movimentos flu\u00eddos e concentrados, que ajudam a reduzir o estresse e a ansiedade, promovendo um estado de relaxamento e clareza mental. Melhora da Concentra\u00e7\u00e3o: A necessidade de estar totalmente presente e atento durante o treinamento aprimora a concentra\u00e7\u00e3o e a aten\u00e7\u00e3o no dia a dia. [&hellip;]\" \/>\n<meta property=\"og:url\" content=\"https:\/\/aikidobertioga.com.br\/index.php\/turmas\/\" \/>\n<meta property=\"og:site_name\" content=\"Aikido Bertioga\" \/>\n<meta property=\"article:modified_time\" content=\"2024-08-09T21:41:01+00:00\" \/>\n<meta property=\"og:image\" content=\"https:\/\/aikidobertioga.com.br\/wp-content\/uploads\/2024\/08\/2005-1024x768.jpg\" \/>\n<meta name=\"twitter:card\" content=\"summary_large_image\" \/>\n<meta name=\"twitter:label1\" content=\"Est. tempo de leitura\" \/>\n\t<meta name=\"twitter:data1\" content=\"1 minuto\" \/>\n<script type=\"application\/ld+json\" class=\"yoast-schema-graph\">{\"@context\":\"https:\/\/schema.org\",\"@graph\":[{\"@type\":\"WebPage\",\"@id\":\"https:\/\/aikidobertioga.com.br\/index.php\/turmas\/\",\"url\":\"https:\/\/aikidobertioga.com.br\/index.php\/turmas\/\",\"name\":\"Disciplina mental - Aikido Bertioga\",\"isPartOf\":{\"@id\":\"https:\/\/aikidobertioga.com.br\/#website\"},\"primaryImageOfPage\":{\"@id\":\"https:\/\/aikidobertioga.com.br\/index.php\/turmas\/#primaryimage\"},\"image\":{\"@id\":\"https:\/\/aikidobertioga.com.br\/index.php\/turmas\/#primaryimage\"},\"thumbnailUrl\":\"https:\/\/aikidobertioga.com.br\/wp-content\/uploads\/2024\/08\/2005-1024x768.jpg\",\"datePublished\":\"2024-08-08T17:47:15+00:00\",\"dateModified\":\"2024-08-09T21:41:01+00:00\",\"breadcrumb\":{\"@id\":\"https:\/\/aikidobertioga.com.br\/index.php\/turmas\/#breadcrumb\"},\"inLanguage\":\"pt-BR\",\"potentialAction\":[{\"@type\":\"ReadAction\",\"target\":[\"https:\/\/aikidobertioga.com.br\/index.php\/turmas\/\"]}]},{\"@type\":\"ImageObject\",\"inLanguage\":\"pt-BR\",\"@id\":\"https:\/\/aikidobertioga.com.br\/index.php\/turmas\/#primaryimage\",\"url\":\"https:\/\/aikidobertioga.com.br\/wp-content\/uploads\/2024\/08\/2005.jpg\",\"contentUrl\":\"https:\/\/aikidobertioga.com.br\/wp-content\/uploads\/2024\/08\/2005.jpg\",\"width\":1600,\"height\":1200},{\"@type\":\"BreadcrumbList\",\"@id\":\"https:\/\/aikidobertioga.com.br\/index.php\/turmas\/#breadcrumb\",\"itemListElement\":[{\"@type\":\"ListItem\",\"position\":1,\"name\":\"In\u00edcio\",\"item\":\"https:\/\/aikidobertioga.com.br\/\"},{\"@type\":\"ListItem\",\"position\":2,\"name\":\"Disciplina mental\"}]},{\"@type\":\"WebSite\",\"@id\":\"https:\/\/aikidobertioga.com.br\/#website\",\"url\":\"https:\/\/aikidobertioga.com.br\/\",\"name\":\"Aikido Bertioga\",\"description\":\"\",\"potentialAction\":[{\"@type\":\"SearchAction\",\"target\":{\"@type\":\"EntryPoint\",\"urlTemplate\":\"https:\/\/aikidobertioga.com.br\/?s={search_term_string}\"},\"query-input\":{\"@type\":\"PropertyValueSpecification\",\"valueRequired\":true,\"valueName\":\"search_term_string\"}}],\"inLanguage\":\"pt-BR\"}]}<\/script>\n<!-- \/ Yoast SEO plugin. -->","yoast_head_json":{"title":"Disciplina mental - Aikido Bertioga","robots":{"index":"index","follow":"follow","max-snippet":"max-snippet:-1","max-image-preview":"max-image-preview:large","max-video-preview":"max-video-preview:-1"},"canonical":"https:\/\/aikidobertioga.com.br\/index.php\/turmas\/","og_locale":"pt_BR","og_type":"article","og_title":"Disciplina mental - Aikido Bertioga","og_description":"Disciplina mental Redu\u00e7\u00e3o do Estresse: A pr\u00e1tica de aikido envolve movimentos flu\u00eddos e concentrados, que ajudam a reduzir o estresse e a ansiedade, promovendo um estado de relaxamento e clareza mental. Melhora da Concentra\u00e7\u00e3o: A necessidade de estar totalmente presente e atento durante o treinamento aprimora a concentra\u00e7\u00e3o e a aten\u00e7\u00e3o no dia a dia. [&hellip;]","og_url":"https:\/\/aikidobertioga.com.br\/index.php\/turmas\/","og_site_name":"Aikido Bertioga","article_modified_time":"2024-08-09T21:41:01+00:00","og_image":[{"url":"https:\/\/aikidobertioga.com.br\/wp-content\/uploads\/2024\/08\/2005-1024x768.jpg","type":"","width":"","height":""}],"twitter_card":"summary_large_image","twitter_misc":{"Est. tempo de leitura":"1 minuto"},"schema":{"@context":"https:\/\/schema.org","@graph":[{"@type":"WebPage","@id":"https:\/\/aikidobertioga.com.br\/index.php\/turmas\/","url":"https:\/\/aikidobertioga.com.br\/index.php\/turmas\/","name":"Disciplina mental - Aikido Bertioga","isPartOf":{"@id":"https:\/\/aikidobertioga.com.br\/#website"},"primaryImageOfPage":{"@id":"https:\/\/aikidobertioga.com.br\/index.php\/turmas\/#primaryimage"},"image":{"@id":"https:\/\/aikidobertioga.com.br\/index.php\/turmas\/#primaryimage"},"thumbnailUrl":"https:\/\/aikidobertioga.com.br\/wp-content\/uploads\/2024\/08\/2005-1024x768.jpg","datePublished":"2024-08-08T17:47:15+00:00","dateModified":"2024-08-09T21:41:01+00:00","breadcrumb":{"@id":"https:\/\/aikidobertioga.com.br\/index.php\/turmas\/#breadcrumb"},"inLanguage":"pt-BR","potentialAction":[{"@type":"ReadAction","target":["https:\/\/aikidobertioga.com.br\/index.php\/turmas\/"]}]},{"@type":"ImageObject","inLanguage":"pt-BR","@id":"https:\/\/aikidobertioga.com.br\/index.php\/turmas\/#primaryimage","url":"https:\/\/aikidobertioga.com.br\/wp-content\/uploads\/2024\/08\/2005.jpg","contentUrl":"https:\/\/aikidobertioga.com.br\/wp-content\/uploads\/2024\/08\/2005.jpg","width":1600,"height":1200},{"@type":"BreadcrumbList","@id":"https:\/\/aikidobertioga.com.br\/index.php\/turmas\/#breadcrumb","itemListElement":[{"@type":"ListItem","position":1,"name":"In\u00edcio","item":"https:\/\/aikidobertioga.com.br\/"},{"@type":"ListItem","position":2,"name":"Disciplina mental"}]},{"@type":"WebSite","@id":"https:\/\/aikidobertioga.com.br\/#website","url":"https:\/\/aikidobertioga.com.br\/","name":"Aikido Bertioga","description":"","potentialAction":[{"@type":"SearchAction","target":{"@type":"EntryPoint","urlTemplate":"https:\/\/aikidobertioga.com.br\/?s={search_term_string}"},"query-input":{"@type":"PropertyValueSpecification","valueRequired":true,"valueName":"search_term_string"}}],"inLanguage":"pt-BR"}]}},"_links":{"self":[{"href":"https:\/\/aikidobertioga.com.br\/index.php\/wp-json\/wp\/v2\/pages\/1376","targetHints":{"allow":["GET"]}}],"collection":[{"href":"https:\/\/aikidobertioga.com.br\/index.php\/wp-json\/wp\/v2\/pages"}],"about":[{"href":"https:\/\/aikidobertioga.com.br\/index.php\/wp-json\/wp\/v2\/types\/page"}],"author":[{"embeddable":true,"href":"https:\/\/aikidobertioga.com.br\/index.php\/wp-json\/wp\/v2\/users\/1"}],"replies":[{"embeddable":true,"href":"https:\/\/aikidobertioga.com.br\/index.php\/wp-json\/wp\/v2\/comments?post=1376"}],"version-history":[{"count":26,"href":"https:\/\/aikidobertioga.com.br\/index.php\/wp-json\/wp\/v2\/pages\/1376\/revisions"}],"predecessor-version":[{"id":1781,"href":"https:\/\/aikidobertioga.com.br\/index.php\/wp-json\/wp\/v2\/pages\/1376\/revisions\/1781"}],"wp:attachment":[{"href":"https:\/\/aikidobertioga.com.br\/index.php\/wp-json\/wp\/v2\/media?parent=1376"}],"curies":[{"name":"wp","href":"https:\/\/api.w.org\/{rel}","templated":true}]}}