{"id":1382,"date":"2024-08-08T14:49:18","date_gmt":"2024-08-08T17:49:18","guid":{"rendered":"https:\/\/aikidobertioga.com.br\/?page_id=1382"},"modified":"2024-08-09T18:47:17","modified_gmt":"2024-08-09T21:47:17","slug":"defesa-pessoal","status":"publish","type":"page","link":"https:\/\/aikidobertioga.com.br\/index.php\/defesa-pessoal\/","title":{"rendered":"Autodefesa"},"content":{"rendered":"\t\t<div data-elementor-type=\"wp-page\" data-elementor-id=\"1382\" class=\"elementor elementor-1382\">\n\t\t\t\t<div class=\"elementor-element elementor-element-baa92b4 e-flex e-con-boxed e-con e-parent\" data-id=\"baa92b4\" data-element_type=\"container\" data-e-type=\"container\">\n\t\t\t\t\t<div class=\"e-con-inner\">\n\t\t\t\t<div class=\"elementor-element elementor-element-f76d23c elementor-widget elementor-widget-heading\" data-id=\"f76d23c\" data-element_type=\"widget\" data-e-type=\"widget\" data-widget_type=\"heading.default\">\n\t\t\t\t<div class=\"elementor-widget-container\">\n\t\t\t\t\t<h2 class=\"elementor-heading-title elementor-size-default\">Autodefesa<\/h2>\t\t\t\t<\/div>\n\t\t\t\t<\/div>\n\t\t\t\t\t<\/div>\n\t\t\t\t<\/div>\n\t\t<div class=\"elementor-element elementor-element-6e73003 e-flex e-con-boxed e-con e-parent\" data-id=\"6e73003\" data-element_type=\"container\" data-e-type=\"container\">\n\t\t\t\t\t<div class=\"e-con-inner\">\n\t\t<div class=\"elementor-element elementor-element-13dd0b2 e-con-full e-flex e-con e-child\" data-id=\"13dd0b2\" data-element_type=\"container\" data-e-type=\"container\">\n\t\t\t\t<div class=\"elementor-element elementor-element-b896ef6 elementor-widget elementor-widget-text-editor\" data-id=\"b896ef6\" data-element_type=\"widget\" data-e-type=\"widget\" data-widget_type=\"text-editor.default\">\n\t\t\t\t<div class=\"elementor-widget-container\">\n\t\t\t\t\t\t\t\t\t<p>O Aikido \u00e9 uma arte marcial \u00fanica que se diferencia das outras pela sua \u00eanfase em t\u00e9cnicas n\u00e3o violentas e no princ\u00edpio de redirecionar a energia do oponente.<\/p>\n<p>Ao contr\u00e1rio de muitas artes marciais que se concentram em golpes diretos, o Aikido utiliza movimentos circulares para neutralizar um ataque, aproveitando a for\u00e7a do advers\u00e1rio contra ele mesmo.<\/p>\n<p>Isso permite que o praticante defenda-se de maneira eficaz sem necessariamente causar danos graves ao oponente, refletindo a filosofia pacifista que permeia a pr\u00e1tica do Aikido.<\/p>\n<p><!-- \/wp:paragraph --><!-- wp:paragraph --><\/p>\n<p><!-- \/wp:paragraph --><!-- wp:paragraph --><\/p>\t\t\t\t\t\t\t\t<\/div>\n\t\t\t\t<\/div>\n\t\t\t\t<\/div>\n\t\t<div class=\"elementor-element elementor-element-abf559a e-con-full e-flex e-con e-child\" data-id=\"abf559a\" data-element_type=\"container\" data-e-type=\"container\">\n\t\t\t\t<div class=\"elementor-element elementor-element-e7b2f59 elementor-widget elementor-widget-image\" data-id=\"e7b2f59\" data-element_type=\"widget\" data-e-type=\"widget\" data-widget_type=\"image.default\">\n\t\t\t\t<div class=\"elementor-widget-container\">\n\t\t\t\t\t\t\t\t\t\t\t\t\t\t\t<img fetchpriority=\"high\" decoding=\"async\" width=\"800\" height=\"534\" src=\"https:\/\/aikidobertioga.com.br\/wp-content\/uploads\/2024\/08\/09-1024x683.jpeg\" class=\"attachment-large size-large wp-image-1788\" alt=\"\" srcset=\"https:\/\/aikidobertioga.com.br\/wp-content\/uploads\/2024\/08\/09-1024x683.jpeg 1024w, https:\/\/aikidobertioga.com.br\/wp-content\/uploads\/2024\/08\/09-300x200.jpeg 300w, https:\/\/aikidobertioga.com.br\/wp-content\/uploads\/2024\/08\/09-768x512.jpeg 768w, https:\/\/aikidobertioga.com.br\/wp-content\/uploads\/2024\/08\/09.jpeg 1200w\" sizes=\"(max-width: 800px) 100vw, 800px\" \/>\t\t\t\t\t\t\t\t\t\t\t\t\t\t\t<\/div>\n\t\t\t\t<\/div>\n\t\t\t\t<\/div>\n\t\t\t\t\t<\/div>\n\t\t\t\t<\/div>\n\t\t<div class=\"elementor-element elementor-element-6b45dfa e-flex e-con-boxed e-con e-parent\" data-id=\"6b45dfa\" data-element_type=\"container\" data-e-type=\"container\">\n\t\t\t\t\t<div class=\"e-con-inner\">\n\t\t<div class=\"elementor-element elementor-element-fa36e30 e-con-full e-flex e-con e-child\" data-id=\"fa36e30\" data-element_type=\"container\" data-e-type=\"container\">\n\t\t<div class=\"elementor-element elementor-element-5addbf6 e-con-full e-flex e-con e-child\" data-id=\"5addbf6\" data-element_type=\"container\" data-e-type=\"container\">\n\t\t\t\t<div class=\"elementor-element elementor-element-f49a9ae elementor-widget elementor-widget-button\" data-id=\"f49a9ae\" data-element_type=\"widget\" data-e-type=\"widget\" data-widget_type=\"button.default\">\n\t\t\t\t<div class=\"elementor-widget-container\">\n\t\t\t\t\t\t\t\t\t<div class=\"elementor-button-wrapper\">\n\t\t\t\t\t<a class=\"elementor-button elementor-button-link elementor-size-sm\" href=\"https:\/\/aikidobertioga.com.br\/\">\n\t\t\t\t\t\t<span class=\"elementor-button-content-wrapper\">\n\t\t\t\t\t\t\t\t\t<span class=\"elementor-button-text\">Voltar para Home<\/span>\n\t\t\t\t\t<\/span>\n\t\t\t\t\t<\/a>\n\t\t\t\t<\/div>\n\t\t\t\t\t\t\t\t<\/div>\n\t\t\t\t<\/div>\n\t\t\t\t<\/div>\n\t\t\t\t<\/div>\n\t\t\t\t\t<\/div>\n\t\t\t\t<\/div>\n\t\t\t\t<\/div>\n\t\t","protected":false},"excerpt":{"rendered":"<p>Autodefesa O Aikido \u00e9 uma arte marcial \u00fanica que se diferencia das outras pela sua \u00eanfase em t\u00e9cnicas n\u00e3o violentas e no princ\u00edpio de redirecionar a energia do oponente. Ao contr\u00e1rio de muitas artes marciais que se concentram em golpes diretos, o Aikido utiliza movimentos circulares para neutralizar um ataque, aproveitando a for\u00e7a do advers\u00e1rio [&hellip;]<\/p>\n","protected":false},"author":1,"featured_media":0,"parent":0,"menu_order":0,"comment_status":"closed","ping_status":"closed","template":"","meta":{"_joinchat":[],"footnotes":""},"class_list":["post-1382","page","type-page","status-publish","hentry"],"yoast_head":"<!-- This site is optimized with the Yoast SEO plugin v26.9 - https:\/\/yoast.com\/product\/yoast-seo-wordpress\/ -->\n<title>Autodefesa - Aikido Bertioga<\/title>\n<meta name=\"robots\" content=\"index, follow, max-snippet:-1, max-image-preview:large, max-video-preview:-1\" \/>\n<link rel=\"canonical\" href=\"https:\/\/aikidobertioga.com.br\/index.php\/defesa-pessoal\/\" \/>\n<meta property=\"og:locale\" content=\"pt_BR\" \/>\n<meta property=\"og:type\" content=\"article\" \/>\n<meta property=\"og:title\" content=\"Autodefesa - Aikido Bertioga\" \/>\n<meta property=\"og:description\" content=\"Autodefesa O Aikido \u00e9 uma arte marcial \u00fanica que se diferencia das outras pela sua \u00eanfase em t\u00e9cnicas n\u00e3o violentas e no princ\u00edpio de redirecionar a energia do oponente. Ao contr\u00e1rio de muitas artes marciais que se concentram em golpes diretos, o Aikido utiliza movimentos circulares para neutralizar um ataque, aproveitando a for\u00e7a do advers\u00e1rio [&hellip;]\" \/>\n<meta property=\"og:url\" content=\"https:\/\/aikidobertioga.com.br\/index.php\/defesa-pessoal\/\" \/>\n<meta property=\"og:site_name\" content=\"Aikido Bertioga\" \/>\n<meta property=\"article:modified_time\" content=\"2024-08-09T21:47:17+00:00\" \/>\n<meta property=\"og:image\" content=\"https:\/\/aikidobertioga.com.br\/wp-content\/uploads\/2024\/08\/09-1024x683.jpeg\" \/>\n<meta name=\"twitter:card\" content=\"summary_large_image\" \/>\n<script type=\"application\/ld+json\" class=\"yoast-schema-graph\">{\"@context\":\"https:\/\/schema.org\",\"@graph\":[{\"@type\":\"WebPage\",\"@id\":\"https:\/\/aikidobertioga.com.br\/index.php\/defesa-pessoal\/\",\"url\":\"https:\/\/aikidobertioga.com.br\/index.php\/defesa-pessoal\/\",\"name\":\"Autodefesa - Aikido Bertioga\",\"isPartOf\":{\"@id\":\"https:\/\/aikidobertioga.com.br\/#website\"},\"primaryImageOfPage\":{\"@id\":\"https:\/\/aikidobertioga.com.br\/index.php\/defesa-pessoal\/#primaryimage\"},\"image\":{\"@id\":\"https:\/\/aikidobertioga.com.br\/index.php\/defesa-pessoal\/#primaryimage\"},\"thumbnailUrl\":\"https:\/\/aikidobertioga.com.br\/wp-content\/uploads\/2024\/08\/09-1024x683.jpeg\",\"datePublished\":\"2024-08-08T17:49:18+00:00\",\"dateModified\":\"2024-08-09T21:47:17+00:00\",\"breadcrumb\":{\"@id\":\"https:\/\/aikidobertioga.com.br\/index.php\/defesa-pessoal\/#breadcrumb\"},\"inLanguage\":\"pt-BR\",\"potentialAction\":[{\"@type\":\"ReadAction\",\"target\":[\"https:\/\/aikidobertioga.com.br\/index.php\/defesa-pessoal\/\"]}]},{\"@type\":\"ImageObject\",\"inLanguage\":\"pt-BR\",\"@id\":\"https:\/\/aikidobertioga.com.br\/index.php\/defesa-pessoal\/#primaryimage\",\"url\":\"https:\/\/aikidobertioga.com.br\/wp-content\/uploads\/2024\/08\/09.jpeg\",\"contentUrl\":\"https:\/\/aikidobertioga.com.br\/wp-content\/uploads\/2024\/08\/09.jpeg\",\"width\":1200,\"height\":800},{\"@type\":\"BreadcrumbList\",\"@id\":\"https:\/\/aikidobertioga.com.br\/index.php\/defesa-pessoal\/#breadcrumb\",\"itemListElement\":[{\"@type\":\"ListItem\",\"position\":1,\"name\":\"In\u00edcio\",\"item\":\"https:\/\/aikidobertioga.com.br\/\"},{\"@type\":\"ListItem\",\"position\":2,\"name\":\"Autodefesa\"}]},{\"@type\":\"WebSite\",\"@id\":\"https:\/\/aikidobertioga.com.br\/#website\",\"url\":\"https:\/\/aikidobertioga.com.br\/\",\"name\":\"Aikido Bertioga\",\"description\":\"\",\"potentialAction\":[{\"@type\":\"SearchAction\",\"target\":{\"@type\":\"EntryPoint\",\"urlTemplate\":\"https:\/\/aikidobertioga.com.br\/?s={search_term_string}\"},\"query-input\":{\"@type\":\"PropertyValueSpecification\",\"valueRequired\":true,\"valueName\":\"search_term_string\"}}],\"inLanguage\":\"pt-BR\"}]}<\/script>\n<!-- \/ Yoast SEO plugin. -->","yoast_head_json":{"title":"Autodefesa - Aikido Bertioga","robots":{"index":"index","follow":"follow","max-snippet":"max-snippet:-1","max-image-preview":"max-image-preview:large","max-video-preview":"max-video-preview:-1"},"canonical":"https:\/\/aikidobertioga.com.br\/index.php\/defesa-pessoal\/","og_locale":"pt_BR","og_type":"article","og_title":"Autodefesa - Aikido Bertioga","og_description":"Autodefesa O Aikido \u00e9 uma arte marcial \u00fanica que se diferencia das outras pela sua \u00eanfase em t\u00e9cnicas n\u00e3o violentas e no princ\u00edpio de redirecionar a energia do oponente. Ao contr\u00e1rio de muitas artes marciais que se concentram em golpes diretos, o Aikido utiliza movimentos circulares para neutralizar um ataque, aproveitando a for\u00e7a do advers\u00e1rio [&hellip;]","og_url":"https:\/\/aikidobertioga.com.br\/index.php\/defesa-pessoal\/","og_site_name":"Aikido Bertioga","article_modified_time":"2024-08-09T21:47:17+00:00","og_image":[{"url":"https:\/\/aikidobertioga.com.br\/wp-content\/uploads\/2024\/08\/09-1024x683.jpeg","type":"","width":"","height":""}],"twitter_card":"summary_large_image","schema":{"@context":"https:\/\/schema.org","@graph":[{"@type":"WebPage","@id":"https:\/\/aikidobertioga.com.br\/index.php\/defesa-pessoal\/","url":"https:\/\/aikidobertioga.com.br\/index.php\/defesa-pessoal\/","name":"Autodefesa - Aikido Bertioga","isPartOf":{"@id":"https:\/\/aikidobertioga.com.br\/#website"},"primaryImageOfPage":{"@id":"https:\/\/aikidobertioga.com.br\/index.php\/defesa-pessoal\/#primaryimage"},"image":{"@id":"https:\/\/aikidobertioga.com.br\/index.php\/defesa-pessoal\/#primaryimage"},"thumbnailUrl":"https:\/\/aikidobertioga.com.br\/wp-content\/uploads\/2024\/08\/09-1024x683.jpeg","datePublished":"2024-08-08T17:49:18+00:00","dateModified":"2024-08-09T21:47:17+00:00","breadcrumb":{"@id":"https:\/\/aikidobertioga.com.br\/index.php\/defesa-pessoal\/#breadcrumb"},"inLanguage":"pt-BR","potentialAction":[{"@type":"ReadAction","target":["https:\/\/aikidobertioga.com.br\/index.php\/defesa-pessoal\/"]}]},{"@type":"ImageObject","inLanguage":"pt-BR","@id":"https:\/\/aikidobertioga.com.br\/index.php\/defesa-pessoal\/#primaryimage","url":"https:\/\/aikidobertioga.com.br\/wp-content\/uploads\/2024\/08\/09.jpeg","contentUrl":"https:\/\/aikidobertioga.com.br\/wp-content\/uploads\/2024\/08\/09.jpeg","width":1200,"height":800},{"@type":"BreadcrumbList","@id":"https:\/\/aikidobertioga.com.br\/index.php\/defesa-pessoal\/#breadcrumb","itemListElement":[{"@type":"ListItem","position":1,"name":"In\u00edcio","item":"https:\/\/aikidobertioga.com.br\/"},{"@type":"ListItem","position":2,"name":"Autodefesa"}]},{"@type":"WebSite","@id":"https:\/\/aikidobertioga.com.br\/#website","url":"https:\/\/aikidobertioga.com.br\/","name":"Aikido Bertioga","description":"","potentialAction":[{"@type":"SearchAction","target":{"@type":"EntryPoint","urlTemplate":"https:\/\/aikidobertioga.com.br\/?s={search_term_string}"},"query-input":{"@type":"PropertyValueSpecification","valueRequired":true,"valueName":"search_term_string"}}],"inLanguage":"pt-BR"}]}},"_links":{"self":[{"href":"https:\/\/aikidobertioga.com.br\/index.php\/wp-json\/wp\/v2\/pages\/1382","targetHints":{"allow":["GET"]}}],"collection":[{"href":"https:\/\/aikidobertioga.com.br\/index.php\/wp-json\/wp\/v2\/pages"}],"about":[{"href":"https:\/\/aikidobertioga.com.br\/index.php\/wp-json\/wp\/v2\/types\/page"}],"author":[{"embeddable":true,"href":"https:\/\/aikidobertioga.com.br\/index.php\/wp-json\/wp\/v2\/users\/1"}],"replies":[{"embeddable":true,"href":"https:\/\/aikidobertioga.com.br\/index.php\/wp-json\/wp\/v2\/comments?post=1382"}],"version-history":[{"count":14,"href":"https:\/\/aikidobertioga.com.br\/index.php\/wp-json\/wp\/v2\/pages\/1382\/revisions"}],"predecessor-version":[{"id":1791,"href":"https:\/\/aikidobertioga.com.br\/index.php\/wp-json\/wp\/v2\/pages\/1382\/revisions\/1791"}],"wp:attachment":[{"href":"https:\/\/aikidobertioga.com.br\/index.php\/wp-json\/wp\/v2\/media?parent=1382"}],"curies":[{"name":"wp","href":"https:\/\/api.w.org\/{rel}","templated":true}]}}