{"id":1571,"date":"2024-08-09T15:29:11","date_gmt":"2024-08-09T18:29:11","guid":{"rendered":"https:\/\/aikidobertioga.com.br\/?page_id=1571"},"modified":"2024-08-12T22:27:46","modified_gmt":"2024-08-13T01:27:46","slug":"iniciantes","status":"publish","type":"page","link":"https:\/\/aikidobertioga.com.br\/index.php\/iniciantes\/","title":{"rendered":"Iniciantes"},"content":{"rendered":"\t\t<div data-elementor-type=\"wp-page\" data-elementor-id=\"1571\" class=\"elementor elementor-1571\">\n\t\t\t\t<div class=\"elementor-element elementor-element-b2e5c77 e-flex e-con-boxed e-con e-parent\" data-id=\"b2e5c77\" data-element_type=\"container\" data-e-type=\"container\">\n\t\t\t\t\t<div class=\"e-con-inner\">\n\t\t<div class=\"elementor-element elementor-element-994943b e-con-full e-flex e-con e-child\" data-id=\"994943b\" data-element_type=\"container\" data-e-type=\"container\">\n\t\t\t\t<div class=\"elementor-element elementor-element-779e1a2 elementor-widget elementor-widget-heading\" data-id=\"779e1a2\" data-element_type=\"widget\" data-e-type=\"widget\" data-widget_type=\"heading.default\">\n\t\t\t\t<div class=\"elementor-widget-container\">\n\t\t\t\t\t<h2 class=\"elementor-heading-title elementor-size-default\">Iniciantes<\/h2>\t\t\t\t<\/div>\n\t\t\t\t<\/div>\n\t\t\t\t<\/div>\n\t\t\t\t\t<\/div>\n\t\t\t\t<\/div>\n\t\t<div class=\"elementor-element elementor-element-94ccb89 e-flex e-con-boxed e-con e-parent\" data-id=\"94ccb89\" data-element_type=\"container\" data-e-type=\"container\">\n\t\t\t\t\t<div class=\"e-con-inner\">\n\t\t<div class=\"elementor-element elementor-element-e06164a e-con-full e-flex e-con e-child\" data-id=\"e06164a\" data-element_type=\"container\" data-e-type=\"container\">\n\t\t\t\t<div class=\"elementor-element elementor-element-68b93fd elementor-widget elementor-widget-text-editor\" data-id=\"68b93fd\" data-element_type=\"widget\" data-e-type=\"widget\" data-widget_type=\"text-editor.default\">\n\t\t\t\t<div class=\"elementor-widget-container\">\n\t\t\t\t\t\t\t\t\t<p>As aulas de Aikido para iniciantes s\u00e3o estruturadas para introduzir os fundamentos da arte de maneira acess\u00edvel e progressiva, ajudando os novos praticantes a se familiarizarem com os princ\u00edpios b\u00e1sicos e as t\u00e9cnicas essenciais. No in\u00edcio, os alunos s\u00e3o ensinados a realizar os movimentos fundamentais, como quedas e rolamentos (ukemi), que s\u00e3o cruciais para garantir a seguran\u00e7a durante a pr\u00e1tica. Esses exerc\u00edcios iniciais ajudam os iniciantes a se adaptarem fisicamente ao Aikido e a desenvolverem a coordena\u00e7\u00e3o necess\u00e1ria para executar as t\u00e9cnicas com efic\u00e1cia.<\/p>\n<p>\u00c0 medida que os iniciantes ganham confian\u00e7a nos movimentos b\u00e1sicos, as aulas come\u00e7am a introduzir t\u00e9cnicas simples de autodefesa, focando em posturas, deslocamentos e a correta aplica\u00e7\u00e3o da for\u00e7a. O foco \u00e9 sempre na precis\u00e3o e na compreens\u00e3o dos princ\u00edpios por tr\u00e1s de cada t\u00e9cnica, ao inv\u00e9s de depender da for\u00e7a f\u00edsica. Os instrutores fornecem orienta\u00e7\u00e3o detalhada, corrigindo a postura e ajudando os alunos a entenderem a import\u00e2ncia de manter o equil\u00edbrio e o controle durante a execu\u00e7\u00e3o das t\u00e9cnicas.<\/p>\n<p>As aulas para iniciantes tamb\u00e9m incluem um componente significativo de pr\u00e1tica em dupla, onde os alunos trabalham juntos para aplicar as t\u00e9cnicas aprendidas. Essa pr\u00e1tica colaborativa \u00e9 fundamental para o aprendizado do Aikido, pois permite que os alunos sintam como \u00e9 redirecionar a energia de um oponente e, ao mesmo tempo, desenvolvam a sensibilidade necess\u00e1ria para reagir a diferentes tipos de ataques. Durante essa fase, a \u00eanfase \u00e9 colocada na comunica\u00e7\u00e3o e no respeito m\u00fatuo, criando um ambiente seguro e de apoio.<\/p>\t\t\t\t\t\t\t\t<\/div>\n\t\t\t\t<\/div>\n\t\t\t\t<\/div>\n\t\t<div class=\"elementor-element elementor-element-0f0022f e-con-full e-flex e-con e-child\" data-id=\"0f0022f\" data-element_type=\"container\" data-e-type=\"container\">\n\t\t\t\t<div class=\"elementor-element elementor-element-8c215bc elementor-widget elementor-widget-image\" data-id=\"8c215bc\" data-element_type=\"widget\" data-e-type=\"widget\" data-widget_type=\"image.default\">\n\t\t\t\t<div class=\"elementor-widget-container\">\n\t\t\t\t\t\t\t\t\t\t\t\t\t\t\t<img fetchpriority=\"high\" decoding=\"async\" width=\"800\" height=\"535\" src=\"https:\/\/aikidobertioga.com.br\/wp-content\/uploads\/2024\/08\/0993-1024x685.jpg\" class=\"attachment-large size-large wp-image-1738\" alt=\"\" srcset=\"https:\/\/aikidobertioga.com.br\/wp-content\/uploads\/2024\/08\/0993-1024x685.jpg 1024w, https:\/\/aikidobertioga.com.br\/wp-content\/uploads\/2024\/08\/0993-300x201.jpg 300w, https:\/\/aikidobertioga.com.br\/wp-content\/uploads\/2024\/08\/0993-768x514.jpg 768w, https:\/\/aikidobertioga.com.br\/wp-content\/uploads\/2024\/08\/0993-1536x1028.jpg 1536w, https:\/\/aikidobertioga.com.br\/wp-content\/uploads\/2024\/08\/0993-2048x1371.jpg 2048w\" sizes=\"(max-width: 800px) 100vw, 800px\" \/>\t\t\t\t\t\t\t\t\t\t\t\t\t\t\t<\/div>\n\t\t\t\t<\/div>\n\t\t\t\t<\/div>\n\t\t\t\t\t<\/div>\n\t\t\t\t<\/div>\n\t\t<div class=\"elementor-element elementor-element-87c2fb9 e-flex e-con-boxed e-con e-parent\" data-id=\"87c2fb9\" data-element_type=\"container\" data-e-type=\"container\">\n\t\t\t\t\t<div class=\"e-con-inner\">\n\t\t<div class=\"elementor-element elementor-element-1697b68 e-con-full e-flex e-con e-child\" data-id=\"1697b68\" data-element_type=\"container\" data-e-type=\"container\">\n\t\t\t\t<div class=\"elementor-element elementor-element-dbc35c6 elementor-widget elementor-widget-button\" data-id=\"dbc35c6\" data-element_type=\"widget\" data-e-type=\"widget\" data-widget_type=\"button.default\">\n\t\t\t\t<div class=\"elementor-widget-container\">\n\t\t\t\t\t\t\t\t\t<div class=\"elementor-button-wrapper\">\n\t\t\t\t\t<a class=\"elementor-button elementor-button-link elementor-size-sm\" href=\"https:\/\/aikidobertioga.com.br\/\">\n\t\t\t\t\t\t<span class=\"elementor-button-content-wrapper\">\n\t\t\t\t\t\t\t\t\t<span class=\"elementor-button-text\">Voltar para Home<\/span>\n\t\t\t\t\t<\/span>\n\t\t\t\t\t<\/a>\n\t\t\t\t<\/div>\n\t\t\t\t\t\t\t\t<\/div>\n\t\t\t\t<\/div>\n\t\t\t\t<\/div>\n\t\t\t\t\t<\/div>\n\t\t\t\t<\/div>\n\t\t\t\t<\/div>\n\t\t","protected":false},"excerpt":{"rendered":"<p>Iniciantes As aulas de Aikido para iniciantes s\u00e3o estruturadas para introduzir os fundamentos da arte de maneira acess\u00edvel e progressiva, ajudando os novos praticantes a se familiarizarem com os princ\u00edpios b\u00e1sicos e as t\u00e9cnicas essenciais. No in\u00edcio, os alunos s\u00e3o ensinados a realizar os movimentos fundamentais, como quedas e rolamentos (ukemi), que s\u00e3o cruciais para [&hellip;]<\/p>\n","protected":false},"author":1,"featured_media":0,"parent":0,"menu_order":0,"comment_status":"closed","ping_status":"closed","template":"","meta":{"_joinchat":[],"footnotes":""},"class_list":["post-1571","page","type-page","status-publish","hentry"],"yoast_head":"<!-- This site is optimized with the Yoast SEO plugin v26.9 - https:\/\/yoast.com\/product\/yoast-seo-wordpress\/ -->\n<title>Iniciantes - Aikido Bertioga<\/title>\n<meta name=\"robots\" content=\"index, follow, max-snippet:-1, max-image-preview:large, max-video-preview:-1\" \/>\n<link rel=\"canonical\" href=\"https:\/\/aikidobertioga.com.br\/index.php\/iniciantes\/\" \/>\n<meta property=\"og:locale\" content=\"pt_BR\" \/>\n<meta property=\"og:type\" content=\"article\" \/>\n<meta property=\"og:title\" content=\"Iniciantes - Aikido Bertioga\" \/>\n<meta property=\"og:description\" content=\"Iniciantes As aulas de Aikido para iniciantes s\u00e3o estruturadas para introduzir os fundamentos da arte de maneira acess\u00edvel e progressiva, ajudando os novos praticantes a se familiarizarem com os princ\u00edpios b\u00e1sicos e as t\u00e9cnicas essenciais. No in\u00edcio, os alunos s\u00e3o ensinados a realizar os movimentos fundamentais, como quedas e rolamentos (ukemi), que s\u00e3o cruciais para [&hellip;]\" \/>\n<meta property=\"og:url\" content=\"https:\/\/aikidobertioga.com.br\/index.php\/iniciantes\/\" \/>\n<meta property=\"og:site_name\" content=\"Aikido Bertioga\" \/>\n<meta property=\"article:modified_time\" content=\"2024-08-13T01:27:46+00:00\" \/>\n<meta property=\"og:image\" content=\"https:\/\/aikidobertioga.com.br\/wp-content\/uploads\/2024\/08\/0993-1024x685.jpg\" \/>\n<meta name=\"twitter:card\" content=\"summary_large_image\" \/>\n<meta name=\"twitter:label1\" content=\"Est. tempo de leitura\" \/>\n\t<meta name=\"twitter:data1\" content=\"1 minuto\" \/>\n<script type=\"application\/ld+json\" class=\"yoast-schema-graph\">{\"@context\":\"https:\/\/schema.org\",\"@graph\":[{\"@type\":\"WebPage\",\"@id\":\"https:\/\/aikidobertioga.com.br\/index.php\/iniciantes\/\",\"url\":\"https:\/\/aikidobertioga.com.br\/index.php\/iniciantes\/\",\"name\":\"Iniciantes - Aikido Bertioga\",\"isPartOf\":{\"@id\":\"https:\/\/aikidobertioga.com.br\/#website\"},\"primaryImageOfPage\":{\"@id\":\"https:\/\/aikidobertioga.com.br\/index.php\/iniciantes\/#primaryimage\"},\"image\":{\"@id\":\"https:\/\/aikidobertioga.com.br\/index.php\/iniciantes\/#primaryimage\"},\"thumbnailUrl\":\"https:\/\/aikidobertioga.com.br\/wp-content\/uploads\/2024\/08\/0993-1024x685.jpg\",\"datePublished\":\"2024-08-09T18:29:11+00:00\",\"dateModified\":\"2024-08-13T01:27:46+00:00\",\"breadcrumb\":{\"@id\":\"https:\/\/aikidobertioga.com.br\/index.php\/iniciantes\/#breadcrumb\"},\"inLanguage\":\"pt-BR\",\"potentialAction\":[{\"@type\":\"ReadAction\",\"target\":[\"https:\/\/aikidobertioga.com.br\/index.php\/iniciantes\/\"]}]},{\"@type\":\"ImageObject\",\"inLanguage\":\"pt-BR\",\"@id\":\"https:\/\/aikidobertioga.com.br\/index.php\/iniciantes\/#primaryimage\",\"url\":\"https:\/\/aikidobertioga.com.br\/wp-content\/uploads\/2024\/08\/0993-scaled.jpg\",\"contentUrl\":\"https:\/\/aikidobertioga.com.br\/wp-content\/uploads\/2024\/08\/0993-scaled.jpg\",\"width\":2560,\"height\":1714,\"caption\":\"SONY DSC\"},{\"@type\":\"BreadcrumbList\",\"@id\":\"https:\/\/aikidobertioga.com.br\/index.php\/iniciantes\/#breadcrumb\",\"itemListElement\":[{\"@type\":\"ListItem\",\"position\":1,\"name\":\"In\u00edcio\",\"item\":\"https:\/\/aikidobertioga.com.br\/\"},{\"@type\":\"ListItem\",\"position\":2,\"name\":\"Iniciantes\"}]},{\"@type\":\"WebSite\",\"@id\":\"https:\/\/aikidobertioga.com.br\/#website\",\"url\":\"https:\/\/aikidobertioga.com.br\/\",\"name\":\"Aikido Bertioga\",\"description\":\"\",\"potentialAction\":[{\"@type\":\"SearchAction\",\"target\":{\"@type\":\"EntryPoint\",\"urlTemplate\":\"https:\/\/aikidobertioga.com.br\/?s={search_term_string}\"},\"query-input\":{\"@type\":\"PropertyValueSpecification\",\"valueRequired\":true,\"valueName\":\"search_term_string\"}}],\"inLanguage\":\"pt-BR\"}]}<\/script>\n<!-- \/ Yoast SEO plugin. -->","yoast_head_json":{"title":"Iniciantes - Aikido Bertioga","robots":{"index":"index","follow":"follow","max-snippet":"max-snippet:-1","max-image-preview":"max-image-preview:large","max-video-preview":"max-video-preview:-1"},"canonical":"https:\/\/aikidobertioga.com.br\/index.php\/iniciantes\/","og_locale":"pt_BR","og_type":"article","og_title":"Iniciantes - Aikido Bertioga","og_description":"Iniciantes As aulas de Aikido para iniciantes s\u00e3o estruturadas para introduzir os fundamentos da arte de maneira acess\u00edvel e progressiva, ajudando os novos praticantes a se familiarizarem com os princ\u00edpios b\u00e1sicos e as t\u00e9cnicas essenciais. No in\u00edcio, os alunos s\u00e3o ensinados a realizar os movimentos fundamentais, como quedas e rolamentos (ukemi), que s\u00e3o cruciais para [&hellip;]","og_url":"https:\/\/aikidobertioga.com.br\/index.php\/iniciantes\/","og_site_name":"Aikido Bertioga","article_modified_time":"2024-08-13T01:27:46+00:00","og_image":[{"url":"https:\/\/aikidobertioga.com.br\/wp-content\/uploads\/2024\/08\/0993-1024x685.jpg","type":"","width":"","height":""}],"twitter_card":"summary_large_image","twitter_misc":{"Est. tempo de leitura":"1 minuto"},"schema":{"@context":"https:\/\/schema.org","@graph":[{"@type":"WebPage","@id":"https:\/\/aikidobertioga.com.br\/index.php\/iniciantes\/","url":"https:\/\/aikidobertioga.com.br\/index.php\/iniciantes\/","name":"Iniciantes - Aikido Bertioga","isPartOf":{"@id":"https:\/\/aikidobertioga.com.br\/#website"},"primaryImageOfPage":{"@id":"https:\/\/aikidobertioga.com.br\/index.php\/iniciantes\/#primaryimage"},"image":{"@id":"https:\/\/aikidobertioga.com.br\/index.php\/iniciantes\/#primaryimage"},"thumbnailUrl":"https:\/\/aikidobertioga.com.br\/wp-content\/uploads\/2024\/08\/0993-1024x685.jpg","datePublished":"2024-08-09T18:29:11+00:00","dateModified":"2024-08-13T01:27:46+00:00","breadcrumb":{"@id":"https:\/\/aikidobertioga.com.br\/index.php\/iniciantes\/#breadcrumb"},"inLanguage":"pt-BR","potentialAction":[{"@type":"ReadAction","target":["https:\/\/aikidobertioga.com.br\/index.php\/iniciantes\/"]}]},{"@type":"ImageObject","inLanguage":"pt-BR","@id":"https:\/\/aikidobertioga.com.br\/index.php\/iniciantes\/#primaryimage","url":"https:\/\/aikidobertioga.com.br\/wp-content\/uploads\/2024\/08\/0993-scaled.jpg","contentUrl":"https:\/\/aikidobertioga.com.br\/wp-content\/uploads\/2024\/08\/0993-scaled.jpg","width":2560,"height":1714,"caption":"SONY DSC"},{"@type":"BreadcrumbList","@id":"https:\/\/aikidobertioga.com.br\/index.php\/iniciantes\/#breadcrumb","itemListElement":[{"@type":"ListItem","position":1,"name":"In\u00edcio","item":"https:\/\/aikidobertioga.com.br\/"},{"@type":"ListItem","position":2,"name":"Iniciantes"}]},{"@type":"WebSite","@id":"https:\/\/aikidobertioga.com.br\/#website","url":"https:\/\/aikidobertioga.com.br\/","name":"Aikido Bertioga","description":"","potentialAction":[{"@type":"SearchAction","target":{"@type":"EntryPoint","urlTemplate":"https:\/\/aikidobertioga.com.br\/?s={search_term_string}"},"query-input":{"@type":"PropertyValueSpecification","valueRequired":true,"valueName":"search_term_string"}}],"inLanguage":"pt-BR"}]}},"_links":{"self":[{"href":"https:\/\/aikidobertioga.com.br\/index.php\/wp-json\/wp\/v2\/pages\/1571","targetHints":{"allow":["GET"]}}],"collection":[{"href":"https:\/\/aikidobertioga.com.br\/index.php\/wp-json\/wp\/v2\/pages"}],"about":[{"href":"https:\/\/aikidobertioga.com.br\/index.php\/wp-json\/wp\/v2\/types\/page"}],"author":[{"embeddable":true,"href":"https:\/\/aikidobertioga.com.br\/index.php\/wp-json\/wp\/v2\/users\/1"}],"replies":[{"embeddable":true,"href":"https:\/\/aikidobertioga.com.br\/index.php\/wp-json\/wp\/v2\/comments?post=1571"}],"version-history":[{"count":25,"href":"https:\/\/aikidobertioga.com.br\/index.php\/wp-json\/wp\/v2\/pages\/1571\/revisions"}],"predecessor-version":[{"id":2062,"href":"https:\/\/aikidobertioga.com.br\/index.php\/wp-json\/wp\/v2\/pages\/1571\/revisions\/2062"}],"wp:attachment":[{"href":"https:\/\/aikidobertioga.com.br\/index.php\/wp-json\/wp\/v2\/media?parent=1571"}],"curies":[{"name":"wp","href":"https:\/\/api.w.org\/{rel}","templated":true}]}}