{"id":1601,"date":"2024-08-09T15:43:17","date_gmt":"2024-08-09T18:43:17","guid":{"rendered":"https:\/\/aikidobertioga.com.br\/?page_id=1601"},"modified":"2024-08-09T18:52:10","modified_gmt":"2024-08-09T21:52:10","slug":"bem-estar-geral","status":"publish","type":"page","link":"https:\/\/aikidobertioga.com.br\/index.php\/bem-estar-geral\/","title":{"rendered":"Bem estar geral"},"content":{"rendered":"\t\t<div data-elementor-type=\"wp-page\" data-elementor-id=\"1601\" class=\"elementor elementor-1601\">\n\t\t\t\t<div class=\"elementor-element elementor-element-3b0b1dc e-flex e-con-boxed e-con e-parent\" data-id=\"3b0b1dc\" data-element_type=\"container\" data-e-type=\"container\">\n\t\t\t\t\t<div class=\"e-con-inner\">\n\t\t<div class=\"elementor-element elementor-element-7fd961a e-con-full e-flex e-con e-child\" data-id=\"7fd961a\" data-element_type=\"container\" data-e-type=\"container\">\n\t\t\t\t<div class=\"elementor-element elementor-element-f28b4df elementor-widget elementor-widget-heading\" data-id=\"f28b4df\" data-element_type=\"widget\" data-e-type=\"widget\" data-widget_type=\"heading.default\">\n\t\t\t\t<div class=\"elementor-widget-container\">\n\t\t\t\t\t<h2 class=\"elementor-heading-title elementor-size-default\">Bem-estar geral<\/h2>\t\t\t\t<\/div>\n\t\t\t\t<\/div>\n\t\t\t\t<\/div>\n\t\t\t\t\t<\/div>\n\t\t\t\t<\/div>\n\t\t<div class=\"elementor-element elementor-element-2022767 e-flex e-con-boxed e-con e-parent\" data-id=\"2022767\" data-element_type=\"container\" data-e-type=\"container\">\n\t\t\t\t\t<div class=\"e-con-inner\">\n\t\t<div class=\"elementor-element elementor-element-ff97efc e-con-full e-flex e-con e-child\" data-id=\"ff97efc\" data-element_type=\"container\" data-e-type=\"container\">\n\t\t\t\t<div class=\"elementor-element elementor-element-01b8c2e elementor-widget elementor-widget-text-editor\" data-id=\"01b8c2e\" data-element_type=\"widget\" data-e-type=\"widget\" data-widget_type=\"text-editor.default\">\n\t\t\t\t<div class=\"elementor-widget-container\">\n\t\t\t\t\t\t\t\t\t<p>Treinar Aikido oferece in\u00fameros benef\u00edcios para o bem-estar f\u00edsico e mental, proporcionando um equil\u00edbrio harmonioso entre corpo e mente. A pr\u00e1tica regular melhora a condi\u00e7\u00e3o f\u00edsica geral, incluindo for\u00e7a, flexibilidade e coordena\u00e7\u00e3o. Como o Aikido envolve movimentos fluidos e controlados, os praticantes desenvolvem um corpo mais \u00e1gil e forte, o que contribui para a sa\u00fade f\u00edsica e para uma sensa\u00e7\u00e3o geral de vitalidade.<\/p>\n<p><!-- \/wp:paragraph --><\/p>\n<p><!-- wp:paragraph --><\/p>\n<p>No aspecto mental, o Aikido promove a redu\u00e7\u00e3o do estresse e a melhoria da clareza mental. A pr\u00e1tica exige foco e presen\u00e7a no momento, o que ajuda a aliviar a mente de preocupa\u00e7\u00f5es externas e a cultivar uma sensa\u00e7\u00e3o de calma e tranquilidade. Al\u00e9m disso, a filosofia do Aikido, que enfatiza a n\u00e3o-viol\u00eancia e a harmonia, encoraja uma abordagem pac\u00edfica aos desafios da vida, contribuindo para um estado mental mais equilibrado.<\/p>\n<p><!-- \/wp:paragraph --><\/p>\n<p><!-- wp:paragraph --><\/p>\n<p>A pr\u00e1tica do Aikido tamb\u00e9m fortalece a autoconfian\u00e7a e a autoestima. Ao dominar as t\u00e9cnicas e superar desafios f\u00edsicos e mentais, os praticantes ganham confian\u00e7a em suas habilidades, tanto no dojo quanto na vida cotidiana. Essa confian\u00e7a se reflete em uma postura mais assertiva e uma maior sensa\u00e7\u00e3o de seguran\u00e7a, o que \u00e9 crucial para o bem-estar emocional.<\/p>\n<p><!-- \/wp:paragraph --><\/p>\n<p><!-- wp:paragraph --><\/p>\n<p>Outro benef\u00edcio significativo \u00e9 o desenvolvimento de habilidades sociais e emocionais. O Aikido \u00e9 praticado em dupla, o que exige coopera\u00e7\u00e3o e comunica\u00e7\u00e3o constante. Essa intera\u00e7\u00e3o promove empatia, respeito e a capacidade de trabalhar harmoniosamente com os outros, o que contribui para rela\u00e7\u00f5es interpessoais mais saud\u00e1veis e satisfat\u00f3rias.<\/p>\t\t\t\t\t\t\t\t<\/div>\n\t\t\t\t<\/div>\n\t\t\t\t<\/div>\n\t\t<div class=\"elementor-element elementor-element-93dcd89 e-con-full e-flex e-con e-child\" data-id=\"93dcd89\" data-element_type=\"container\" data-e-type=\"container\">\n\t\t\t\t<div class=\"elementor-element elementor-element-1e6c90f elementor-widget elementor-widget-image\" data-id=\"1e6c90f\" data-element_type=\"widget\" data-e-type=\"widget\" data-widget_type=\"image.default\">\n\t\t\t\t<div class=\"elementor-widget-container\">\n\t\t\t\t\t\t\t\t\t\t\t\t\t\t\t<img fetchpriority=\"high\" decoding=\"async\" width=\"800\" height=\"600\" src=\"https:\/\/aikidobertioga.com.br\/wp-content\/uploads\/2024\/08\/2007_Aikido_-021-1024x768.jpg\" class=\"attachment-large size-large wp-image-1792\" alt=\"\" srcset=\"https:\/\/aikidobertioga.com.br\/wp-content\/uploads\/2024\/08\/2007_Aikido_-021-1024x768.jpg 1024w, https:\/\/aikidobertioga.com.br\/wp-content\/uploads\/2024\/08\/2007_Aikido_-021-300x225.jpg 300w, https:\/\/aikidobertioga.com.br\/wp-content\/uploads\/2024\/08\/2007_Aikido_-021-768x576.jpg 768w, https:\/\/aikidobertioga.com.br\/wp-content\/uploads\/2024\/08\/2007_Aikido_-021.jpg 1280w\" sizes=\"(max-width: 800px) 100vw, 800px\" \/>\t\t\t\t\t\t\t\t\t\t\t\t\t\t\t<\/div>\n\t\t\t\t<\/div>\n\t\t\t\t<\/div>\n\t\t\t\t\t<\/div>\n\t\t\t\t<\/div>\n\t\t<div class=\"elementor-element elementor-element-bd628cd e-flex e-con-boxed e-con e-parent\" data-id=\"bd628cd\" data-element_type=\"container\" data-e-type=\"container\">\n\t\t\t\t\t<div class=\"e-con-inner\">\n\t\t<div class=\"elementor-element elementor-element-e1d00da e-con-full e-flex e-con e-child\" data-id=\"e1d00da\" data-element_type=\"container\" data-e-type=\"container\">\n\t\t<div class=\"elementor-element elementor-element-c801b14 e-con-full e-flex e-con e-child\" data-id=\"c801b14\" data-element_type=\"container\" data-e-type=\"container\">\n\t\t\t\t<div class=\"elementor-element elementor-element-cb69c1c elementor-widget elementor-widget-button\" data-id=\"cb69c1c\" data-element_type=\"widget\" data-e-type=\"widget\" data-widget_type=\"button.default\">\n\t\t\t\t<div class=\"elementor-widget-container\">\n\t\t\t\t\t\t\t\t\t<div class=\"elementor-button-wrapper\">\n\t\t\t\t\t<a class=\"elementor-button elementor-button-link elementor-size-sm\" href=\"https:\/\/aikidobertioga.com.br\/\">\n\t\t\t\t\t\t<span class=\"elementor-button-content-wrapper\">\n\t\t\t\t\t\t\t\t\t<span class=\"elementor-button-text\">Voltar para Home<\/span>\n\t\t\t\t\t<\/span>\n\t\t\t\t\t<\/a>\n\t\t\t\t<\/div>\n\t\t\t\t\t\t\t\t<\/div>\n\t\t\t\t<\/div>\n\t\t\t\t<\/div>\n\t\t\t\t<\/div>\n\t\t\t\t\t<\/div>\n\t\t\t\t<\/div>\n\t\t\t\t<\/div>\n\t\t","protected":false},"excerpt":{"rendered":"<p>Bem-estar geral Treinar Aikido oferece in\u00fameros benef\u00edcios para o bem-estar f\u00edsico e mental, proporcionando um equil\u00edbrio harmonioso entre corpo e mente. A pr\u00e1tica regular melhora a condi\u00e7\u00e3o f\u00edsica geral, incluindo for\u00e7a, flexibilidade e coordena\u00e7\u00e3o. Como o Aikido envolve movimentos fluidos e controlados, os praticantes desenvolvem um corpo mais \u00e1gil e forte, o que contribui para [&hellip;]<\/p>\n","protected":false},"author":1,"featured_media":0,"parent":0,"menu_order":0,"comment_status":"closed","ping_status":"closed","template":"","meta":{"_joinchat":[],"footnotes":""},"class_list":["post-1601","page","type-page","status-publish","hentry"],"yoast_head":"<!-- This site is optimized with the Yoast SEO plugin v26.9 - https:\/\/yoast.com\/product\/yoast-seo-wordpress\/ -->\n<title>Bem estar geral - Aikido Bertioga<\/title>\n<meta name=\"robots\" content=\"index, follow, max-snippet:-1, max-image-preview:large, max-video-preview:-1\" \/>\n<link rel=\"canonical\" href=\"https:\/\/aikidobertioga.com.br\/index.php\/bem-estar-geral\/\" \/>\n<meta property=\"og:locale\" content=\"pt_BR\" \/>\n<meta property=\"og:type\" content=\"article\" \/>\n<meta property=\"og:title\" content=\"Bem estar geral - Aikido Bertioga\" \/>\n<meta property=\"og:description\" content=\"Bem-estar geral Treinar Aikido oferece in\u00fameros benef\u00edcios para o bem-estar f\u00edsico e mental, proporcionando um equil\u00edbrio harmonioso entre corpo e mente. A pr\u00e1tica regular melhora a condi\u00e7\u00e3o f\u00edsica geral, incluindo for\u00e7a, flexibilidade e coordena\u00e7\u00e3o. Como o Aikido envolve movimentos fluidos e controlados, os praticantes desenvolvem um corpo mais \u00e1gil e forte, o que contribui para [&hellip;]\" \/>\n<meta property=\"og:url\" content=\"https:\/\/aikidobertioga.com.br\/index.php\/bem-estar-geral\/\" \/>\n<meta property=\"og:site_name\" content=\"Aikido Bertioga\" \/>\n<meta property=\"article:modified_time\" content=\"2024-08-09T21:52:10+00:00\" \/>\n<meta property=\"og:image\" content=\"https:\/\/aikidobertioga.com.br\/wp-content\/uploads\/2024\/08\/2007_Aikido_-021-1024x768.jpg\" \/>\n<meta name=\"twitter:card\" content=\"summary_large_image\" \/>\n<meta name=\"twitter:label1\" content=\"Est. tempo de leitura\" \/>\n\t<meta name=\"twitter:data1\" content=\"1 minuto\" \/>\n<script type=\"application\/ld+json\" class=\"yoast-schema-graph\">{\"@context\":\"https:\/\/schema.org\",\"@graph\":[{\"@type\":\"WebPage\",\"@id\":\"https:\/\/aikidobertioga.com.br\/index.php\/bem-estar-geral\/\",\"url\":\"https:\/\/aikidobertioga.com.br\/index.php\/bem-estar-geral\/\",\"name\":\"Bem estar geral - Aikido Bertioga\",\"isPartOf\":{\"@id\":\"https:\/\/aikidobertioga.com.br\/#website\"},\"primaryImageOfPage\":{\"@id\":\"https:\/\/aikidobertioga.com.br\/index.php\/bem-estar-geral\/#primaryimage\"},\"image\":{\"@id\":\"https:\/\/aikidobertioga.com.br\/index.php\/bem-estar-geral\/#primaryimage\"},\"thumbnailUrl\":\"https:\/\/aikidobertioga.com.br\/wp-content\/uploads\/2024\/08\/2007_Aikido_-021-1024x768.jpg\",\"datePublished\":\"2024-08-09T18:43:17+00:00\",\"dateModified\":\"2024-08-09T21:52:10+00:00\",\"breadcrumb\":{\"@id\":\"https:\/\/aikidobertioga.com.br\/index.php\/bem-estar-geral\/#breadcrumb\"},\"inLanguage\":\"pt-BR\",\"potentialAction\":[{\"@type\":\"ReadAction\",\"target\":[\"https:\/\/aikidobertioga.com.br\/index.php\/bem-estar-geral\/\"]}]},{\"@type\":\"ImageObject\",\"inLanguage\":\"pt-BR\",\"@id\":\"https:\/\/aikidobertioga.com.br\/index.php\/bem-estar-geral\/#primaryimage\",\"url\":\"https:\/\/aikidobertioga.com.br\/wp-content\/uploads\/2024\/08\/2007_Aikido_-021.jpg\",\"contentUrl\":\"https:\/\/aikidobertioga.com.br\/wp-content\/uploads\/2024\/08\/2007_Aikido_-021.jpg\",\"width\":1280,\"height\":960},{\"@type\":\"BreadcrumbList\",\"@id\":\"https:\/\/aikidobertioga.com.br\/index.php\/bem-estar-geral\/#breadcrumb\",\"itemListElement\":[{\"@type\":\"ListItem\",\"position\":1,\"name\":\"In\u00edcio\",\"item\":\"https:\/\/aikidobertioga.com.br\/\"},{\"@type\":\"ListItem\",\"position\":2,\"name\":\"Bem estar geral\"}]},{\"@type\":\"WebSite\",\"@id\":\"https:\/\/aikidobertioga.com.br\/#website\",\"url\":\"https:\/\/aikidobertioga.com.br\/\",\"name\":\"Aikido Bertioga\",\"description\":\"\",\"potentialAction\":[{\"@type\":\"SearchAction\",\"target\":{\"@type\":\"EntryPoint\",\"urlTemplate\":\"https:\/\/aikidobertioga.com.br\/?s={search_term_string}\"},\"query-input\":{\"@type\":\"PropertyValueSpecification\",\"valueRequired\":true,\"valueName\":\"search_term_string\"}}],\"inLanguage\":\"pt-BR\"}]}<\/script>\n<!-- \/ Yoast SEO plugin. -->","yoast_head_json":{"title":"Bem estar geral - Aikido Bertioga","robots":{"index":"index","follow":"follow","max-snippet":"max-snippet:-1","max-image-preview":"max-image-preview:large","max-video-preview":"max-video-preview:-1"},"canonical":"https:\/\/aikidobertioga.com.br\/index.php\/bem-estar-geral\/","og_locale":"pt_BR","og_type":"article","og_title":"Bem estar geral - Aikido Bertioga","og_description":"Bem-estar geral Treinar Aikido oferece in\u00fameros benef\u00edcios para o bem-estar f\u00edsico e mental, proporcionando um equil\u00edbrio harmonioso entre corpo e mente. A pr\u00e1tica regular melhora a condi\u00e7\u00e3o f\u00edsica geral, incluindo for\u00e7a, flexibilidade e coordena\u00e7\u00e3o. Como o Aikido envolve movimentos fluidos e controlados, os praticantes desenvolvem um corpo mais \u00e1gil e forte, o que contribui para [&hellip;]","og_url":"https:\/\/aikidobertioga.com.br\/index.php\/bem-estar-geral\/","og_site_name":"Aikido Bertioga","article_modified_time":"2024-08-09T21:52:10+00:00","og_image":[{"url":"https:\/\/aikidobertioga.com.br\/wp-content\/uploads\/2024\/08\/2007_Aikido_-021-1024x768.jpg","type":"","width":"","height":""}],"twitter_card":"summary_large_image","twitter_misc":{"Est. tempo de leitura":"1 minuto"},"schema":{"@context":"https:\/\/schema.org","@graph":[{"@type":"WebPage","@id":"https:\/\/aikidobertioga.com.br\/index.php\/bem-estar-geral\/","url":"https:\/\/aikidobertioga.com.br\/index.php\/bem-estar-geral\/","name":"Bem estar geral - Aikido Bertioga","isPartOf":{"@id":"https:\/\/aikidobertioga.com.br\/#website"},"primaryImageOfPage":{"@id":"https:\/\/aikidobertioga.com.br\/index.php\/bem-estar-geral\/#primaryimage"},"image":{"@id":"https:\/\/aikidobertioga.com.br\/index.php\/bem-estar-geral\/#primaryimage"},"thumbnailUrl":"https:\/\/aikidobertioga.com.br\/wp-content\/uploads\/2024\/08\/2007_Aikido_-021-1024x768.jpg","datePublished":"2024-08-09T18:43:17+00:00","dateModified":"2024-08-09T21:52:10+00:00","breadcrumb":{"@id":"https:\/\/aikidobertioga.com.br\/index.php\/bem-estar-geral\/#breadcrumb"},"inLanguage":"pt-BR","potentialAction":[{"@type":"ReadAction","target":["https:\/\/aikidobertioga.com.br\/index.php\/bem-estar-geral\/"]}]},{"@type":"ImageObject","inLanguage":"pt-BR","@id":"https:\/\/aikidobertioga.com.br\/index.php\/bem-estar-geral\/#primaryimage","url":"https:\/\/aikidobertioga.com.br\/wp-content\/uploads\/2024\/08\/2007_Aikido_-021.jpg","contentUrl":"https:\/\/aikidobertioga.com.br\/wp-content\/uploads\/2024\/08\/2007_Aikido_-021.jpg","width":1280,"height":960},{"@type":"BreadcrumbList","@id":"https:\/\/aikidobertioga.com.br\/index.php\/bem-estar-geral\/#breadcrumb","itemListElement":[{"@type":"ListItem","position":1,"name":"In\u00edcio","item":"https:\/\/aikidobertioga.com.br\/"},{"@type":"ListItem","position":2,"name":"Bem estar geral"}]},{"@type":"WebSite","@id":"https:\/\/aikidobertioga.com.br\/#website","url":"https:\/\/aikidobertioga.com.br\/","name":"Aikido Bertioga","description":"","potentialAction":[{"@type":"SearchAction","target":{"@type":"EntryPoint","urlTemplate":"https:\/\/aikidobertioga.com.br\/?s={search_term_string}"},"query-input":{"@type":"PropertyValueSpecification","valueRequired":true,"valueName":"search_term_string"}}],"inLanguage":"pt-BR"}]}},"_links":{"self":[{"href":"https:\/\/aikidobertioga.com.br\/index.php\/wp-json\/wp\/v2\/pages\/1601","targetHints":{"allow":["GET"]}}],"collection":[{"href":"https:\/\/aikidobertioga.com.br\/index.php\/wp-json\/wp\/v2\/pages"}],"about":[{"href":"https:\/\/aikidobertioga.com.br\/index.php\/wp-json\/wp\/v2\/types\/page"}],"author":[{"embeddable":true,"href":"https:\/\/aikidobertioga.com.br\/index.php\/wp-json\/wp\/v2\/users\/1"}],"replies":[{"embeddable":true,"href":"https:\/\/aikidobertioga.com.br\/index.php\/wp-json\/wp\/v2\/comments?post=1601"}],"version-history":[{"count":16,"href":"https:\/\/aikidobertioga.com.br\/index.php\/wp-json\/wp\/v2\/pages\/1601\/revisions"}],"predecessor-version":[{"id":1799,"href":"https:\/\/aikidobertioga.com.br\/index.php\/wp-json\/wp\/v2\/pages\/1601\/revisions\/1799"}],"wp:attachment":[{"href":"https:\/\/aikidobertioga.com.br\/index.php\/wp-json\/wp\/v2\/media?parent=1601"}],"curies":[{"name":"wp","href":"https:\/\/api.w.org\/{rel}","templated":true}]}}